{"id":27334,"date":"2026-01-21T22:04:44","date_gmt":"2026-01-21T21:04:44","guid":{"rendered":"https:\/\/sprachzentrum.ch\/german\/german-diplomas-certificates\/"},"modified":"2026-01-30T15:38:40","modified_gmt":"2026-01-30T14:38:40","slug":"diplomas-certificates","status":"publish","type":"page","link":"https:\/\/sprachzentrum.ch\/en\/german\/diplomas-certificates\/","title":{"rendered":"German diplomas \/ certificates"},"content":{"rendered":"<section class=\" section_hero_inner full-section\"  style=\"  \"><div class=\"wpb_column hcode-column-container vc_custom_1757424757465  col-xs-mobile-fullwidth col-sm-12\"><div class=\"vc-column-innner-wrapper\"><div class=\" the_content hcode-inner-row\" ><div class=\"wpb_column hcode-column-container  col-xs-mobile-fullwidth\"><div class=\"vc-column-innner-wrapper\"><h1 style=\"text-align: center;\"><strong>German Diplomas \/ Certificates<\/strong><\/h1>\n<p>&nbsp;<\/p>\n<\/div><\/div><\/div><\/div><\/div><\/section><section id=\"key-facts\" class=\" section_infos section_infos_white full-section overflow-hidden\"  style=\"  \"><div class=\"wpb_column hcode-column-container vc_custom_1757424757465  col-xs-mobile-fullwidth col-sm-12\"><div class=\"vc-column-innner-wrapper\"><div class=\" the_content hcode-inner-row\" ><div class=\"wpb_column hcode-column-container  col-xs-mobile-fullwidth\"><div class=\"vc-column-innner-wrapper\"><\/div><\/div><\/div><div class=\" boxes hcode-inner-row\" ><div class=\"wpb_column hcode-column-container  col-xs-mobile-fullwidth col-sm-4\"><div class=\"vc-column-innner-wrapper\"><div class=\"tac\"><h3 class=\"title-med no-padding-bottom letter-spacing-2\" >KDE<\/h3><p style=\"text-align: center;\">Kantonale Deutschpr\u00fcfung<br \/>\nCertificates f\u00fcr die Einb\u00fcrgerung<\/p>\n<\/div>[vc_btn title=\"KDE Certificates\" align=\"center\" css=\"\" link=\"url:https%3A%2F%2Fsprachzentrum.ch%2Fen%2Fgerman%2Fdiplomas-certificates%2Fkde-diploma%2F|title:KDE%20Certificates\"][vc_btn title=\"KDE preparation courses\" align=\"center\" css=\"\" link=\"url:https%3A%2F%2Fsprachzentrum.ch%2Fen%2Fgerman%2Fdiploma-preparation-courses%2Fkde%2F|title:KDE%20preparation%20courses\"]<\/div><\/div><div class=\"wpb_column hcode-column-container  col-xs-mobile-fullwidth col-sm-4\"><div class=\"vc-column-innner-wrapper\"><div class=\"tac\"><h3 class=\"title-med no-padding-bottom letter-spacing-2\" >SDS<\/h3><p style=\"text-align: center;\">Schweizerischer<br \/>\nDigitaler Sprachtest (SDS)<\/p>\n<\/div>[vc_btn title=\"SDS Certificates\" align=\"center\" css=\"\" link=\"url:https%3A%2F%2Fsprachzentrum.ch%2Fen%2Fgerman%2Fdiplomas-certificates%2Fsds-diploma%2F|title:SDS%20Certificates\"][vc_btn title=\"SDS Preparation courses\" align=\"center\" css=\"\" link=\"url:https%3A%2F%2Fsprachzentrum.ch%2Fen%2Fgerman%2Fdiploma-preparation-courses%2Fsds-preparation-course%2F|title:SDS%20Preparation%20courses\"]<\/div><\/div><div class=\"wpb_column hcode-column-container  col-xs-mobile-fullwidth col-sm-4\"><div class=\"vc-column-innner-wrapper\"><div class=\"tac\"><h3 class=\"title-med no-padding-bottom letter-spacing-2\" >telc<\/h3><p style=\"text-align: center;\">The European Language<br \/>\nEurop\u00e4ischen Sprachenzertifikate<\/p>\n<\/div>[vc_btn title=\"telc Certificates\" align=\"center\" css=\"\" link=\"url:https%3A%2F%2Fsprachzentrum.ch%2Fen%2Fgerman%2Fdiplomas-certificates%2Ftelc-diploma%2F|title:telc%20Certificates\"][vc_btn title=\"telc Preparation courses\" align=\"center\" css=\"\" link=\"url:https%3A%2F%2Fsprachzentrum.ch%2Fen%2Fgerman%2Fdiploma-preparation-courses%2Ftelc-preparation-course%2F|title:telc%20Preparation%20courses\"]<\/div><\/div><\/div><\/div><\/div><\/section>","protected":false},"excerpt":{"rendered":"<p>German Diplomas \/ Certificates &nbsp; KDEKantonale Deutschpr\u00fcfung Certificates f\u00fcr die Einb\u00fcrgerung [vc_btn title=&#8221;KDE Certificates&#8221; align=&#8221;center&#8221; css=&#8221;&#8221; link=&#8221;url:https%3A%2F%2Fsprachzentrum.ch%2Fen%2Fgerman%2Fdiplomas-certificates%2Fkde-diploma%2F|title:KDE%20Certificates&#8221;][vc_btn title=&#8221;KDE preparation courses&#8221; align=&#8221;center&#8221; css=&#8221;&#8221; link=&#8221;url:https%3A%2F%2Fsprachzentrum.ch%2Fen%2Fgerman%2Fdiploma-preparation-courses%2Fkde%2F|title:KDE%20preparation%20courses&#8221;]SDSSchweizerischer Digitaler Sprachtest (SDS) [vc_btn title=&#8221;SDS Certificates&#8221; align=&#8221;center&#8221; css=&#8221;&#8221; link=&#8221;url:https%3A%2F%2Fsprachzentrum.ch%2Fen%2Fgerman%2Fdiplomas-certificates%2Fsds-diploma%2F|title:SDS%20Certificates&#8221;][vc_btn title=&#8221;SDS Preparation courses&#8221; align=&#8221;center&#8221; css=&#8221;&#8221; link=&#8221;url:https%3A%2F%2Fsprachzentrum.ch%2Fen%2Fgerman%2Fdiploma-preparation-courses%2Fsds-preparation-course%2F|title:SDS%20Preparation%20courses&#8221;]telcThe European Language Europ\u00e4ischen Sprachenzertifikate [vc_btn title=&#8221;telc Certificates&#8221; align=&#8221;center&#8221; css=&#8221;&#8221; link=&#8221;url:https%3A%2F%2Fsprachzentrum.ch%2Fen%2Fgerman%2Fdiplomas-certificates%2Ftelc-diploma%2F|title:telc%20Certificates&#8221;][vc_btn title=&#8221;telc Preparation courses&#8221; align=&#8221;center&#8221; css=&#8221;&#8221; link=&#8221;url:https%3A%2F%2Fsprachzentrum.ch%2Fen%2Fgerman%2Fdiploma-preparation-courses%2Ftelc-preparation-course%2F|title:telc%20Preparation%20courses&#8221;]<\/p>\n","protected":false},"author":3,"featured_media":0,"parent":25724,"menu_order":0,"comment_status":"closed","ping_status":"closed","template":"","meta":{"_acf_changed":false,"inline_featured_image":false,"footnotes":""},"class_list":["post-27334","page","type-page","status-publish","hentry"],"acf":[],"yoast_head":"<!-- This site is optimized with the Yoast SEO Premium plugin v27.1 (Yoast SEO v27.1.1) - https:\/\/yoast.com\/product\/yoast-seo-premium-wordpress\/ -->\n<title>German diplomas \/ certificates - Sprachzentrum Winterthur<\/title>\n<meta name=\"robots\" content=\"index, follow, max-snippet:-1, max-image-preview:large, max-video-preview:-1\" \/>\n<link rel=\"canonical\" href=\"https:\/\/sprachzentrum.ch\/en\/german\/diplomas-certificates\/\" \/>\n<meta property=\"og:locale\" content=\"en_US\" \/>\n<meta property=\"og:type\" content=\"article\" \/>\n<meta property=\"og:title\" content=\"German diplomas \/ certificates\" \/>\n<meta property=\"og:description\" content=\"German Diplomas \/ Certificates &nbsp; KDEKantonale Deutschpr\u00fcfung Certificates f\u00fcr die Einb\u00fcrgerung [vc_btn title=&quot;KDE Certificates&quot; align=&quot;center&quot; css=&quot;&quot; link=&quot;url:https%3A%2F%2Fsprachzentrum.ch%2Fen%2Fgerman%2Fdiplomas-certificates%2Fkde-diploma%2F|title:KDE%20Certificates&quot;][vc_btn title=&quot;KDE preparation courses&quot; align=&quot;center&quot; css=&quot;&quot; link=&quot;url:https%3A%2F%2Fsprachzentrum.ch%2Fen%2Fgerman%2Fdiploma-preparation-courses%2Fkde%2F|title:KDE%20preparation%20courses&quot;]SDSSchweizerischer Digitaler Sprachtest (SDS) [vc_btn title=&quot;SDS Certificates&quot; align=&quot;center&quot; css=&quot;&quot; link=&quot;url:https%3A%2F%2Fsprachzentrum.ch%2Fen%2Fgerman%2Fdiplomas-certificates%2Fsds-diploma%2F|title:SDS%20Certificates&quot;][vc_btn title=&quot;SDS Preparation courses&quot; align=&quot;center&quot; css=&quot;&quot; link=&quot;url:https%3A%2F%2Fsprachzentrum.ch%2Fen%2Fgerman%2Fdiploma-preparation-courses%2Fsds-preparation-course%2F|title:SDS%20Preparation%20courses&quot;]telcThe European Language Europ\u00e4ischen Sprachenzertifikate [vc_btn title=&quot;telc Certificates&quot; align=&quot;center&quot; css=&quot;&quot; link=&quot;url:https%3A%2F%2Fsprachzentrum.ch%2Fen%2Fgerman%2Fdiplomas-certificates%2Ftelc-diploma%2F|title:telc%20Certificates&quot;][vc_btn title=&quot;telc Preparation courses&quot; align=&quot;center&quot; css=&quot;&quot; link=&quot;url:https%3A%2F%2Fsprachzentrum.ch%2Fen%2Fgerman%2Fdiploma-preparation-courses%2Ftelc-preparation-course%2F|title:telc%20Preparation%20courses&quot;]\" \/>\n<meta property=\"og:url\" content=\"https:\/\/sprachzentrum.ch\/en\/german\/diplomas-certificates\/\" \/>\n<meta property=\"og:site_name\" content=\"Sprachzentrum Winterthur\" \/>\n<meta property=\"article:publisher\" content=\"https:\/\/www.facebook.com\/sprachzentrumwinterthur\" \/>\n<meta property=\"article:modified_time\" content=\"2026-01-30T14:38:40+00:00\" \/>\n<meta property=\"og:image\" content=\"https:\/\/sprachzentrum.ch\/wp-content\/uploads\/2026\/02\/social.jpg\" \/>\n\t<meta property=\"og:image:width\" content=\"1200\" \/>\n\t<meta property=\"og:image:height\" content=\"640\" \/>\n\t<meta property=\"og:image:type\" content=\"image\/jpeg\" \/>\n<meta name=\"twitter:card\" content=\"summary_large_image\" \/>\n<meta name=\"twitter:label1\" content=\"Est. reading time\" \/>\n\t<meta name=\"twitter:data1\" content=\"1 minute\" \/>\n<!-- \/ Yoast SEO Premium plugin. -->","yoast_head_json":{"title":"German diplomas \/ certificates - Sprachzentrum Winterthur","robots":{"index":"index","follow":"follow","max-snippet":"max-snippet:-1","max-image-preview":"max-image-preview:large","max-video-preview":"max-video-preview:-1"},"canonical":"https:\/\/sprachzentrum.ch\/en\/german\/diplomas-certificates\/","og_locale":"en_US","og_type":"article","og_title":"German diplomas \/ certificates","og_description":"German Diplomas \/ Certificates &nbsp; KDEKantonale Deutschpr\u00fcfung Certificates f\u00fcr die Einb\u00fcrgerung [vc_btn title=\"KDE Certificates\" align=\"center\" css=\"\" link=\"url:https%3A%2F%2Fsprachzentrum.ch%2Fen%2Fgerman%2Fdiplomas-certificates%2Fkde-diploma%2F|title:KDE%20Certificates\"][vc_btn title=\"KDE preparation courses\" align=\"center\" css=\"\" link=\"url:https%3A%2F%2Fsprachzentrum.ch%2Fen%2Fgerman%2Fdiploma-preparation-courses%2Fkde%2F|title:KDE%20preparation%20courses\"]SDSSchweizerischer Digitaler Sprachtest (SDS) [vc_btn title=\"SDS Certificates\" align=\"center\" css=\"\" link=\"url:https%3A%2F%2Fsprachzentrum.ch%2Fen%2Fgerman%2Fdiplomas-certificates%2Fsds-diploma%2F|title:SDS%20Certificates\"][vc_btn title=\"SDS Preparation courses\" align=\"center\" css=\"\" link=\"url:https%3A%2F%2Fsprachzentrum.ch%2Fen%2Fgerman%2Fdiploma-preparation-courses%2Fsds-preparation-course%2F|title:SDS%20Preparation%20courses\"]telcThe European Language Europ\u00e4ischen Sprachenzertifikate [vc_btn title=\"telc Certificates\" align=\"center\" css=\"\" link=\"url:https%3A%2F%2Fsprachzentrum.ch%2Fen%2Fgerman%2Fdiplomas-certificates%2Ftelc-diploma%2F|title:telc%20Certificates\"][vc_btn title=\"telc Preparation courses\" align=\"center\" css=\"\" link=\"url:https%3A%2F%2Fsprachzentrum.ch%2Fen%2Fgerman%2Fdiploma-preparation-courses%2Ftelc-preparation-course%2F|title:telc%20Preparation%20courses\"]","og_url":"https:\/\/sprachzentrum.ch\/en\/german\/diplomas-certificates\/","og_site_name":"Sprachzentrum Winterthur","article_publisher":"https:\/\/www.facebook.com\/sprachzentrumwinterthur","article_modified_time":"2026-01-30T14:38:40+00:00","og_image":[{"width":1200,"height":640,"url":"https:\/\/sprachzentrum.ch\/wp-content\/uploads\/2026\/02\/social.jpg","type":"image\/jpeg"}],"twitter_card":"summary_large_image","twitter_misc":{"Est. reading time":"1 minute"},"schema":{"@context":"https:\/\/schema.org","@graph":[{"@type":"WebPage","@id":"https:\/\/sprachzentrum.ch\/en\/german\/diplomas-certificates\/","url":"https:\/\/sprachzentrum.ch\/en\/german\/diplomas-certificates\/","name":"German diplomas \/ certificates - Sprachzentrum Winterthur","isPartOf":{"@id":"https:\/\/sprachzentrum.ch\/en\/#website"},"datePublished":"2026-01-21T21:04:44+00:00","dateModified":"2026-01-30T14:38:40+00:00","breadcrumb":{"@id":"https:\/\/sprachzentrum.ch\/en\/german\/diplomas-certificates\/#breadcrumb"},"inLanguage":"en-US","potentialAction":[{"@type":"ReadAction","target":["https:\/\/sprachzentrum.ch\/en\/german\/diplomas-certificates\/"]}]},{"@type":"BreadcrumbList","@id":"https:\/\/sprachzentrum.ch\/en\/german\/diplomas-certificates\/#breadcrumb","itemListElement":[{"@type":"ListItem","position":1,"name":"Start","item":"https:\/\/sprachzentrum.ch\/en\/"},{"@type":"ListItem","position":2,"name":"German","item":"https:\/\/sprachzentrum.ch\/en\/german\/"},{"@type":"ListItem","position":3,"name":"German diplomas \/ certificates"}]},{"@type":"WebSite","@id":"https:\/\/sprachzentrum.ch\/en\/#website","url":"https:\/\/sprachzentrum.ch\/en\/","name":"Sprachzentrum Winterthur","description":"Sprachkurse f\u00fcr Gruppen, Privatunterricht und Firmen","publisher":{"@id":"https:\/\/sprachzentrum.ch\/en\/#organization"},"potentialAction":[{"@type":"SearchAction","target":{"@type":"EntryPoint","urlTemplate":"https:\/\/sprachzentrum.ch\/en\/?s={search_term_string}"},"query-input":{"@type":"PropertyValueSpecification","valueRequired":true,"valueName":"search_term_string"}}],"inLanguage":"en-US"},{"@type":"Organization","@id":"https:\/\/sprachzentrum.ch\/en\/#organization","name":"Sprachzentrum Winterthur","url":"https:\/\/sprachzentrum.ch\/en\/","logo":{"@type":"ImageObject","inLanguage":"en-US","@id":"https:\/\/sprachzentrum.ch\/en\/#\/schema\/logo\/image\/","url":"https:\/\/sprachzentrum.ch\/wp-content\/uploads\/2026\/02\/social2.jpg","contentUrl":"https:\/\/sprachzentrum.ch\/wp-content\/uploads\/2026\/02\/social2.jpg","width":696,"height":696,"caption":"Sprachzentrum Winterthur"},"image":{"@id":"https:\/\/sprachzentrum.ch\/en\/#\/schema\/logo\/image\/"},"sameAs":["https:\/\/www.facebook.com\/sprachzentrumwinterthur"]}]}},"_links":{"self":[{"href":"https:\/\/sprachzentrum.ch\/en\/wp-json\/wp\/v2\/pages\/27334","targetHints":{"allow":["GET"]}}],"collection":[{"href":"https:\/\/sprachzentrum.ch\/en\/wp-json\/wp\/v2\/pages"}],"about":[{"href":"https:\/\/sprachzentrum.ch\/en\/wp-json\/wp\/v2\/types\/page"}],"author":[{"embeddable":true,"href":"https:\/\/sprachzentrum.ch\/en\/wp-json\/wp\/v2\/users\/3"}],"replies":[{"embeddable":true,"href":"https:\/\/sprachzentrum.ch\/en\/wp-json\/wp\/v2\/comments?post=27334"}],"version-history":[{"count":0,"href":"https:\/\/sprachzentrum.ch\/en\/wp-json\/wp\/v2\/pages\/27334\/revisions"}],"up":[{"embeddable":true,"href":"https:\/\/sprachzentrum.ch\/en\/wp-json\/wp\/v2\/pages\/25724"}],"wp:attachment":[{"href":"https:\/\/sprachzentrum.ch\/en\/wp-json\/wp\/v2\/media?parent=27334"}],"curies":[{"name":"wp","href":"https:\/\/api.w.org\/{rel}","templated":true}]}}